{"id":1656,"date":"2024-06-16T10:37:49","date_gmt":"2024-06-16T10:37:49","guid":{"rendered":"https:\/\/www.therestaurant.forwardapps.si\/termini-e-condizioni\/"},"modified":"2024-07-05T22:05:02","modified_gmt":"2024-07-05T22:05:02","slug":"termini-e-condizioni","status":"publish","type":"page","link":"https:\/\/www.therestaurant.si\/it\/termini-e-condizioni\/","title":{"rendered":"Termini e condizioni"},"content":{"rendered":"\n<div style=\"height:130px\" aria-hidden=\"true\" class=\"wp-block-spacer\"><\/div>\n\n<h2 class=\"wp-block-heading\">Termini e condizioni<\/h2>\n\n<p><strong>Informazioni sulla societ\u00e0<\/strong><\/p>\n\n<p>The Hotel LJ d.o.o.<br\/>Cesta v Hrib 20<br\/>1210 Ljubljana-\u0160entvid, Slovenia<\/p>\n\n<p>P.E.: The Hotel LJ<br\/>Cankarjevo nabre\u017eje 29<br\/>1000 Ljubljana, Slovenia<\/p>\n\n<p>Codice fiscale: 23758872<br\/>Numero di registrazione: 8149763000<br\/><br\/>Banca: Unicredit Banka Slovenija d.d.<br\/>IBAN: SI56 2900 0005 2584 430<\/p>\n\n<p>Banca: Addiko Bank d.d<br\/>IBAN: SI56 3300 0000 9529 368<\/p>\n\n<p>Ricezione di contatto: +386 (0)1 5883 200<\/p>\n\n<p>Orari di apertura della reception: 24 ur<\/p>\n\n<p>Email: info@thehotel.si<\/p>\n\n<p>Contatta il ristorante: +386 (0)51 404 103<\/p>\n\n<p>Orari di apertura del ristorante: 07.00-23.00<\/p>\n\n<p>Email: info@therestaurant.si<\/p>\n\n<h3 class=\"wp-block-heading\"><strong>Valuta<\/strong><\/h3>\n\n<p>Tutti i prezzi degli hotel sono espressi in euro (\u20ac\/EUR) e includono l&#8217;IVA.<\/p>\n\n<h3 class=\"wp-block-heading\"><strong>Prenotazione<\/strong><\/h3>\n\n<p>Gli ospiti possono prenotare online sul sito www.therestaurant.si, scrivendo a info@therestaurant.si o chiamando il numero +386 (0)51 404 104 o di persona al ristorante.<\/p>\n\n<h3 class=\"wp-block-heading\"><strong>Variazione dell&#8217;accantonamento<\/strong><\/h3>\n\n<p>Per modificare la prenotazione\/annullarla, si prega di contattare i recapiti sopra indicati.<\/p>\n\n<h3 class=\"wp-block-heading\"><strong>Pagamento dei servizi<\/strong><\/h3>\n\n<p>Il Ristorante accetta le seguenti carte di credito e di debito per il pagamento dei servizi:<\/p>\n\n<p>Visa, Mastercard\/Eurocard, Diners, Maestro, JCB, UnionPay<\/p>\n\n<p>\u00c8 possibile pagare i servizi del ristorante anche in contanti, tramite modulo d&#8217;ordine e fattura o pre-fattura.<\/p>\n\n<p>La modalit\u00e0 di pagamento tramite ordine di acquisto si applica solo alle aziende. In questo caso, il modulo d&#8217;ordine deve essere consegnato fisicamente al ristorante o inviato via e-mail a info@therestaurant.si entro le ore 12.00 del giorno di arrivo.<\/p>\n\n<p>In caso di pagamento tramite fattura, \u00e8 necessario inviare una conferma di pagamento della fattura a info@thehotel.si. Il pagamento anticipato deve essere saldato almeno 24 ore prima dell&#8217;arrivo dell&#8217;ospite.<\/p>\n\n<h3 class=\"wp-block-heading\"><strong>Colazione<\/strong><\/h3>\n\n<p>La colazione \u00e0 la carte viene servita in The Restaurant disponibile dalle 07:00 alle 11:00<\/p>\n\n<h3 class=\"wp-block-heading\"><strong>Animali domestici<\/strong><\/h3>\n\n<p>Gli animali domestici sono ammessi.<\/p>\n\n<h3 class=\"wp-block-heading\"><strong>Il fumo<\/strong><\/h3>\n\n<p>Non \u00e8 consentito fumare nell&#8217;hotel e nel ristorante.<\/p>\n\n<h3 class=\"wp-block-heading\"><strong>Buoni regalo<\/strong><\/h3>\n\n<p>I buoni regalo sono validi fino alla data di scadenza indicata su ogni singolo buono regalo. Se sul buono regalo non \u00e8 indicata alcuna data di scadenza, il buono regalo si considera valido per un anno dalla data di emissione. I buoni regalo originali devono essere presentati alla reception prima di usufruire dei servizi di ristorazione e al momento del check-in.<\/p>\n\n<h3 class=\"wp-block-heading\"><strong>Lotterie<\/strong><\/h3>\n\n<p>The Restaurant pu\u00f2 organizzare diverse estrazioni a premi sul suo sito web o sui suoi profili Facebook e Instagram. In questo caso, si applicano le condizioni generali dei concorsi a premi.<\/p>\n\n<h3 class=\"wp-block-heading\"><strong>Legge applicabile<\/strong><\/h3>\n\n<p>I presenti Termini e condizioni generali sono soggetti alla legge slovena. Le parti accettano la giurisdizione esclusiva dei tribunali sloveni.<\/p>\n\n<div style=\"height:50px\" aria-hidden=\"true\" class=\"wp-block-spacer\"><\/div>\n","protected":false},"excerpt":{"rendered":"<p>Termini e condizioni Informazioni sulla societ\u00e0 The Hotel LJ d.o.o.Cesta v Hrib 201210 Ljubljana-\u0160entvid, Slovenia P.E.: The Hotel LJCankarjevo nabre\u017eje 291000 Ljubljana, Slovenia Codice fiscale: 23758872Numero di registrazione: 8149763000 Banca: Unicredit Banka Slovenija d.d.IBAN: SI56 2900 0005 2584 430 Banca: Addiko Bank d.dIBAN: SI56 3300 0000 9529 368 Ricezione di contatto: +386 (0)1 5883 200 [&hellip;]<\/p>\n","protected":false},"author":2,"featured_media":0,"parent":0,"menu_order":0,"comment_status":"closed","ping_status":"closed","template":"","meta":{"footnotes":""},"class_list":["post-1656","page","type-page","status-publish","hentry"],"yoast_head":"<!-- This site is optimized with the Yoast SEO plugin v26.3 - https:\/\/yoast.com\/wordpress\/plugins\/seo\/ -->\n<title>Termini e condizioni - The Restaurant<\/title>\n<meta name=\"robots\" content=\"index, follow, max-snippet:-1, max-image-preview:large, max-video-preview:-1\" \/>\n<link rel=\"canonical\" href=\"https:\/\/www.therestaurant.si\/it\/termini-e-condizioni\/\" \/>\n<meta property=\"og:locale\" content=\"it_IT\" \/>\n<meta property=\"og:type\" content=\"article\" \/>\n<meta property=\"og:title\" content=\"Termini e condizioni - The Restaurant\" \/>\n<meta property=\"og:description\" content=\"Termini e condizioni Informazioni sulla societ\u00e0 The Hotel LJ d.o.o.Cesta v Hrib 201210 Ljubljana-\u0160entvid, Slovenia P.E.: The Hotel LJCankarjevo nabre\u017eje 291000 Ljubljana, Slovenia Codice fiscale: 23758872Numero di registrazione: 8149763000 Banca: Unicredit Banka Slovenija d.d.IBAN: SI56 2900 0005 2584 430 Banca: Addiko Bank d.dIBAN: SI56 3300 0000 9529 368 Ricezione di contatto: +386 (0)1 5883 200 [&hellip;]\" \/>\n<meta property=\"og:url\" content=\"https:\/\/www.therestaurant.si\/it\/termini-e-condizioni\/\" \/>\n<meta property=\"og:site_name\" content=\"The Restaurant\" \/>\n<meta property=\"article:modified_time\" content=\"2024-07-05T22:05:02+00:00\" \/>\n<meta name=\"twitter:card\" content=\"summary_large_image\" \/>\n<meta name=\"twitter:label1\" content=\"Tempo di lettura stimato\" \/>\n\t<meta name=\"twitter:data1\" content=\"2 minuti\" \/>\n<script type=\"application\/ld+json\" class=\"yoast-schema-graph\">{\"@context\":\"https:\/\/schema.org\",\"@graph\":[{\"@type\":\"WebPage\",\"@id\":\"https:\/\/www.therestaurant.si\/it\/termini-e-condizioni\/\",\"url\":\"https:\/\/www.therestaurant.si\/it\/termini-e-condizioni\/\",\"name\":\"Termini e condizioni - The Restaurant\",\"isPartOf\":{\"@id\":\"https:\/\/www.therestaurant.si\/it\/#website\"},\"datePublished\":\"2024-06-16T10:37:49+00:00\",\"dateModified\":\"2024-07-05T22:05:02+00:00\",\"breadcrumb\":{\"@id\":\"https:\/\/www.therestaurant.si\/it\/termini-e-condizioni\/#breadcrumb\"},\"inLanguage\":\"it-IT\",\"potentialAction\":[{\"@type\":\"ReadAction\",\"target\":[\"https:\/\/www.therestaurant.si\/it\/termini-e-condizioni\/\"]}]},{\"@type\":\"BreadcrumbList\",\"@id\":\"https:\/\/www.therestaurant.si\/it\/termini-e-condizioni\/#breadcrumb\",\"itemListElement\":[{\"@type\":\"ListItem\",\"position\":1,\"name\":\"Home\",\"item\":\"https:\/\/www.therestaurant.si\/it\/\"},{\"@type\":\"ListItem\",\"position\":2,\"name\":\"Termini e condizioni\"}]},{\"@type\":\"WebSite\",\"@id\":\"https:\/\/www.therestaurant.si\/it\/#website\",\"url\":\"https:\/\/www.therestaurant.si\/it\/\",\"name\":\"The Restaurant\",\"description\":\"Slovenska &amp; mediteranska kuhinja\",\"potentialAction\":[{\"@type\":\"SearchAction\",\"target\":{\"@type\":\"EntryPoint\",\"urlTemplate\":\"https:\/\/www.therestaurant.si\/it\/?s={search_term_string}\"},\"query-input\":{\"@type\":\"PropertyValueSpecification\",\"valueRequired\":true,\"valueName\":\"search_term_string\"}}],\"inLanguage\":\"it-IT\"}]}<\/script>\n<!-- \/ Yoast SEO plugin. -->","yoast_head_json":{"title":"Termini e condizioni - The Restaurant","robots":{"index":"index","follow":"follow","max-snippet":"max-snippet:-1","max-image-preview":"max-image-preview:large","max-video-preview":"max-video-preview:-1"},"canonical":"https:\/\/www.therestaurant.si\/it\/termini-e-condizioni\/","og_locale":"it_IT","og_type":"article","og_title":"Termini e condizioni - The Restaurant","og_description":"Termini e condizioni Informazioni sulla societ\u00e0 The Hotel LJ d.o.o.Cesta v Hrib 201210 Ljubljana-\u0160entvid, Slovenia P.E.: The Hotel LJCankarjevo nabre\u017eje 291000 Ljubljana, Slovenia Codice fiscale: 23758872Numero di registrazione: 8149763000 Banca: Unicredit Banka Slovenija d.d.IBAN: SI56 2900 0005 2584 430 Banca: Addiko Bank d.dIBAN: SI56 3300 0000 9529 368 Ricezione di contatto: +386 (0)1 5883 200 [&hellip;]","og_url":"https:\/\/www.therestaurant.si\/it\/termini-e-condizioni\/","og_site_name":"The Restaurant","article_modified_time":"2024-07-05T22:05:02+00:00","twitter_card":"summary_large_image","twitter_misc":{"Tempo di lettura stimato":"2 minuti"},"schema":{"@context":"https:\/\/schema.org","@graph":[{"@type":"WebPage","@id":"https:\/\/www.therestaurant.si\/it\/termini-e-condizioni\/","url":"https:\/\/www.therestaurant.si\/it\/termini-e-condizioni\/","name":"Termini e condizioni - The Restaurant","isPartOf":{"@id":"https:\/\/www.therestaurant.si\/it\/#website"},"datePublished":"2024-06-16T10:37:49+00:00","dateModified":"2024-07-05T22:05:02+00:00","breadcrumb":{"@id":"https:\/\/www.therestaurant.si\/it\/termini-e-condizioni\/#breadcrumb"},"inLanguage":"it-IT","potentialAction":[{"@type":"ReadAction","target":["https:\/\/www.therestaurant.si\/it\/termini-e-condizioni\/"]}]},{"@type":"BreadcrumbList","@id":"https:\/\/www.therestaurant.si\/it\/termini-e-condizioni\/#breadcrumb","itemListElement":[{"@type":"ListItem","position":1,"name":"Home","item":"https:\/\/www.therestaurant.si\/it\/"},{"@type":"ListItem","position":2,"name":"Termini e condizioni"}]},{"@type":"WebSite","@id":"https:\/\/www.therestaurant.si\/it\/#website","url":"https:\/\/www.therestaurant.si\/it\/","name":"The Restaurant","description":"Slovenska &amp; mediteranska kuhinja","potentialAction":[{"@type":"SearchAction","target":{"@type":"EntryPoint","urlTemplate":"https:\/\/www.therestaurant.si\/it\/?s={search_term_string}"},"query-input":{"@type":"PropertyValueSpecification","valueRequired":true,"valueName":"search_term_string"}}],"inLanguage":"it-IT"}]}},"_links":{"self":[{"href":"https:\/\/www.therestaurant.si\/it\/wp-json\/wp\/v2\/pages\/1656","targetHints":{"allow":["GET"]}}],"collection":[{"href":"https:\/\/www.therestaurant.si\/it\/wp-json\/wp\/v2\/pages"}],"about":[{"href":"https:\/\/www.therestaurant.si\/it\/wp-json\/wp\/v2\/types\/page"}],"author":[{"embeddable":true,"href":"https:\/\/www.therestaurant.si\/it\/wp-json\/wp\/v2\/users\/2"}],"replies":[{"embeddable":true,"href":"https:\/\/www.therestaurant.si\/it\/wp-json\/wp\/v2\/comments?post=1656"}],"version-history":[{"count":1,"href":"https:\/\/www.therestaurant.si\/it\/wp-json\/wp\/v2\/pages\/1656\/revisions"}],"predecessor-version":[{"id":1657,"href":"https:\/\/www.therestaurant.si\/it\/wp-json\/wp\/v2\/pages\/1656\/revisions\/1657"}],"wp:attachment":[{"href":"https:\/\/www.therestaurant.si\/it\/wp-json\/wp\/v2\/media?parent=1656"}],"curies":[{"name":"wp","href":"https:\/\/api.w.org\/{rel}","templated":true}]}}