{"id":1635,"date":"2024-06-13T09:17:48","date_gmt":"2024-06-13T09:17:48","guid":{"rendered":"https:\/\/www.therestaurant.forwardapps.si\/kontakt\/"},"modified":"2024-08-02T08:08:03","modified_gmt":"2024-08-02T08:08:03","slug":"kontakt","status":"publish","type":"page","link":"https:\/\/www.therestaurant.si\/de\/kontakt\/","title":{"rendered":"Kontakt"},"content":{"rendered":"\t\t<div data-elementor-type=\"wp-page\" data-elementor-id=\"1635\" class=\"elementor elementor-1635 elementor-24\" data-elementor-post-type=\"page\">\n\t\t\t\t<div class=\"elementor-element elementor-element-03b16e7 e-grid e-con-boxed e-con e-parent\" data-id=\"03b16e7\" data-element_type=\"container\">\n\t\t\t\t\t<div class=\"e-con-inner\">\n\t\t<div class=\"elementor-element elementor-element-0f9f6dd e-con-full e-flex e-con e-child\" data-id=\"0f9f6dd\" data-element_type=\"container\">\n\t\t\t\t<div class=\"elementor-element elementor-element-830d949 line-after elementor-widget elementor-widget-heading\" data-id=\"830d949\" data-element_type=\"widget\" data-widget_type=\"heading.default\">\n\t\t\t\t<div class=\"elementor-widget-container\">\n\t\t\t\t\t<h4 class=\"elementor-heading-title elementor-size-default\">WIE SIE UNS ERREICHEN<\/h4>\t\t\t\t<\/div>\n\t\t\t\t<\/div>\n\t\t\t\t<div class=\"elementor-element elementor-element-11a9b90 elementor-widget elementor-widget-heading\" data-id=\"11a9b90\" data-element_type=\"widget\" data-widget_type=\"heading.default\">\n\t\t\t\t<div class=\"elementor-widget-container\">\n\t\t\t\t\t<h2 class=\"elementor-heading-title elementor-size-default\">Standort &amp; Kontaktinformationen<\/h2>\t\t\t\t<\/div>\n\t\t\t\t<\/div>\n\t\t\t\t<div class=\"elementor-element elementor-element-0f35c1a elementor-widget elementor-widget-text-editor\" data-id=\"0f35c1a\" data-element_type=\"widget\" data-widget_type=\"text-editor.default\">\n\t\t\t\t<div class=\"elementor-widget-container\">\n\t\t\t\t\t\t\t\t\tThe Restaurant<br>Cankarjevo nabre\u017eje 29 \/ Mestni trg 15, 1000 Ljubljana\t\t\t\t\t\t\t\t<\/div>\n\t\t\t\t<\/div>\n\t\t\t\t<div class=\"elementor-element elementor-element-6527acb elementor-widget elementor-widget-heading\" data-id=\"6527acb\" data-element_type=\"widget\" data-widget_type=\"heading.default\">\n\t\t\t\t<div class=\"elementor-widget-container\">\n\t\t\t\t\t<h4 class=\"elementor-heading-title elementor-size-default\"><span style=\"color: white !important\">t:<\/span> <a href=\"tel:0038651404104\">+386 (0)51 404 104<\/a><br><span style=\"color: white !important\">e:<\/span> <a href=\"mailto:info@therestaurant.si\">info@therestaurant.si<\/a><\/h4>\t\t\t\t<\/div>\n\t\t\t\t<\/div>\n\t\t\t\t<div class=\"elementor-element elementor-element-61f62e6 elementor-widget elementor-widget-text-editor\" data-id=\"61f62e6\" data-element_type=\"widget\" data-widget_type=\"text-editor.default\">\n\t\t\t\t<div class=\"elementor-widget-container\">\n\t\t\t\t\t\t\t\t\t<span style=\"color:white;\">\u00d6ffnungszeiten:<\/span><br>07h00 &#8211; 23h00\t\t\t\t\t\t\t\t<\/div>\n\t\t\t\t<\/div>\n\t\t\t\t<\/div>\n\t\t\t\t<div class=\"elementor-element elementor-element-3a568fd elementor-invisible elementor-widget elementor-widget-google_maps\" data-id=\"3a568fd\" data-element_type=\"widget\" data-settings=\"{&quot;_animation&quot;:&quot;fadeIn&quot;}\" data-widget_type=\"google_maps.default\">\n\t\t\t\t<div class=\"elementor-widget-container\">\n\t\t\t\t\t\t\t<div class=\"elementor-custom-embed\">\n\t\t\t<iframe loading=\"lazy\"\n\t\t\t\t\tsrc=\"https:\/\/maps.google.com\/maps?q=Cankarjevo%20nabre%C5%BEje%2029%2C%201000%20Ljubljana&#038;t=m&#038;z=15&#038;output=embed&#038;iwloc=near\"\n\t\t\t\t\ttitle=\"Cankarjevo nabre\u017eje 29, 1000 Ljubljana\"\n\t\t\t\t\taria-label=\"Cankarjevo nabre\u017eje 29, 1000 Ljubljana\"\n\t\t\t><\/iframe>\n\t\t<\/div>\n\t\t\t\t\t\t<\/div>\n\t\t\t\t<\/div>\n\t\t\t\t\t<\/div>\n\t\t\t\t<\/div>\n\t\t<div class=\"elementor-element elementor-element-c2216be e-grid e-con-boxed e-con e-parent\" data-id=\"c2216be\" data-element_type=\"container\" data-settings=\"{&quot;background_background&quot;:&quot;classic&quot;}\">\n\t\t\t\t\t<div class=\"e-con-inner\">\n\t\t<div class=\"elementor-element elementor-element-1948bbc e-con-full e-flex e-con e-child\" data-id=\"1948bbc\" data-element_type=\"container\">\n\t\t\t\t<div class=\"elementor-element elementor-element-5a058f0 line-after elementor-widget elementor-widget-heading\" data-id=\"5a058f0\" data-element_type=\"widget\" data-widget_type=\"heading.default\">\n\t\t\t\t<div class=\"elementor-widget-container\">\n\t\t\t\t\t<h4 class=\"elementor-heading-title elementor-size-default\">ALLGEMEINE FRAGEN<\/h4>\t\t\t\t<\/div>\n\t\t\t\t<\/div>\n\t\t\t\t<div class=\"elementor-element elementor-element-5216922 elementor-widget elementor-widget-heading\" data-id=\"5216922\" data-element_type=\"widget\" data-widget_type=\"heading.default\">\n\t\t\t\t<div class=\"elementor-widget-container\">\n\t\t\t\t\t<h1 class=\"elementor-heading-title elementor-size-default\">Kontaktieren Sie uns<\/h1>\t\t\t\t<\/div>\n\t\t\t\t<\/div>\n\t\t\t\t<div class=\"elementor-element elementor-element-30b18c3 link-color-accent elementor-widget elementor-widget-text-editor\" data-id=\"30b18c3\" data-element_type=\"widget\" data-widget_type=\"text-editor.default\">\n\t\t\t\t<div class=\"elementor-widget-container\">\n\t\t\t\t\t\t\t\t\t<p>F\u00fcr allgemeine Fragen, f\u00fcllen Sie bitte das Formular aus.<\/p>\n\t\t\t\t\t\t\t\t<\/div>\n\t\t\t\t<\/div>\n\t\t\t\t<div class=\"elementor-element elementor-element-fd7cc3f link-color-accent elementor-widget elementor-widget-text-editor\" data-id=\"fd7cc3f\" data-element_type=\"widget\" data-widget_type=\"text-editor.default\">\n\t\t\t\t<div class=\"elementor-widget-container\">\n\t\t\t\t\t\t\t\t\t<p>Buchen Sie per E-Mail: <a href=\"mailto:info@therestaurant.si\">info@therestaurant.si<\/a><\/p>\n\t\t\t\t\t\t\t\t<\/div>\n\t\t\t\t<\/div>\n\t\t\t\t<\/div>\n\t\t\t\t<div class=\"elementor-element elementor-element-c71a48c elementor-button-align-stretch elementor-widget elementor-widget-form\" data-id=\"c71a48c\" data-element_type=\"widget\" data-settings=\"{&quot;button_width&quot;:&quot;25&quot;,&quot;step_type&quot;:&quot;number_text&quot;,&quot;step_icon_shape&quot;:&quot;circle&quot;}\" data-widget_type=\"form.default\">\n\t\t\t\t<div class=\"elementor-widget-container\">\n\t\t\t\t\t\t\t<form class=\"elementor-form\" method=\"post\" name=\"Kontakt\" aria-label=\"Kontakt\">\n\t\t\t<input type=\"hidden\" name=\"post_id\" value=\"1635\"\/>\n\t\t\t<input type=\"hidden\" name=\"form_id\" value=\"c71a48c\"\/>\n\t\t\t<input type=\"hidden\" name=\"referer_title\" value=\"The Restaurant\" \/>\n\n\t\t\t\n\t\t\t<div class=\"elementor-form-fields-wrapper elementor-labels-above\">\n\t\t\t\t\t\t\t\t<div class=\"elementor-field-type-text elementor-field-group elementor-column elementor-field-group-name elementor-col-100\">\n\t\t\t\t\t\t\t\t\t\t\t\t<label for=\"form-field-name\" class=\"elementor-field-label\">\n\t\t\t\t\t\t\t\tVorname und Nachname\t\t\t\t\t\t\t<\/label>\n\t\t\t\t\t\t\t\t\t\t\t\t\t\t<input size=\"1\" type=\"text\" name=\"form_fields[name]\" id=\"form-field-name\" class=\"elementor-field elementor-size-xs  elementor-field-textual\">\n\t\t\t\t\t\t\t\t\t\t\t<\/div>\n\t\t\t\t\t\t\t\t<div class=\"elementor-field-type-email elementor-field-group elementor-column elementor-field-group-email elementor-col-100 elementor-field-required\">\n\t\t\t\t\t\t\t\t\t\t\t\t<label for=\"form-field-email\" class=\"elementor-field-label\">\n\t\t\t\t\t\t\t\tEmail\t\t\t\t\t\t\t<\/label>\n\t\t\t\t\t\t\t\t\t\t\t\t\t\t<input size=\"1\" type=\"email\" name=\"form_fields[email]\" id=\"form-field-email\" class=\"elementor-field elementor-size-xs  elementor-field-textual\" required=\"required\">\n\t\t\t\t\t\t\t\t\t\t\t<\/div>\n\t\t\t\t\t\t\t\t<div class=\"elementor-field-type-text elementor-field-group elementor-column elementor-field-group-zadeva elementor-col-100 elementor-field-required\">\n\t\t\t\t\t\t\t\t\t\t\t\t<label for=\"form-field-zadeva\" class=\"elementor-field-label\">\n\t\t\t\t\t\t\t\tThema\t\t\t\t\t\t\t<\/label>\n\t\t\t\t\t\t\t\t\t\t\t\t\t\t<input size=\"1\" type=\"text\" name=\"form_fields[zadeva]\" id=\"form-field-zadeva\" class=\"elementor-field elementor-size-xs  elementor-field-textual\" required=\"required\">\n\t\t\t\t\t\t\t\t\t\t\t<\/div>\n\t\t\t\t\t\t\t\t<div class=\"elementor-field-type-textarea elementor-field-group elementor-column elementor-field-group-message elementor-col-100 elementor-field-required\">\n\t\t\t\t\t\t\t\t\t\t\t\t<label for=\"form-field-message\" class=\"elementor-field-label\">\n\t\t\t\t\t\t\t\tIhre Nachricht\t\t\t\t\t\t\t<\/label>\n\t\t\t\t\t\t<textarea class=\"elementor-field-textual elementor-field  elementor-size-xs\" name=\"form_fields[message]\" id=\"form-field-message\" rows=\"3\" required=\"required\"><\/textarea>\t\t\t\t<\/div>\n\t\t\t\t\t\t\t\t<div class=\"elementor-field-type-recaptcha_v3 elementor-field-group elementor-column elementor-field-group-reCAPTCHA elementor-col-100 recaptcha_v3-inline\">\n\t\t\t\t\t<div class=\"elementor-field\" id=\"form-field-reCAPTCHA\"><div class=\"elementor-g-recaptcha\" data-sitekey=\"6LeexxoqAAAAAEb_oHzpyClnj5wHQPhPvaXqRzrS\" data-type=\"v3\" data-action=\"Form\" data-badge=\"inline\" data-size=\"invisible\"><\/div><\/div>\t\t\t\t<\/div>\n\t\t\t\t\t\t\t\t<div class=\"elementor-field-group elementor-column elementor-field-type-submit elementor-col-25 e-form__buttons\">\n\t\t\t\t\t<button class=\"elementor-button elementor-size-xs\" type=\"submit\">\n\t\t\t\t\t\t<span class=\"elementor-button-content-wrapper\">\n\t\t\t\t\t\t\t\t\t\t\t\t\t\t\t\t\t\t\t\t\t\t<span class=\"elementor-button-text\">Schicken<\/span>\n\t\t\t\t\t\t\t\t\t\t\t\t\t<\/span>\n\t\t\t\t\t<\/button>\n\t\t\t\t<\/div>\n\t\t\t<\/div>\n\t\t<\/form>\n\t\t\t\t\t\t<\/div>\n\t\t\t\t<\/div>\n\t\t\t\t\t<\/div>\n\t\t\t\t<\/div>\n\t\t\t\t<\/div>\n\t\t","protected":false},"excerpt":{"rendered":"<p>WIE SIE UNS ERREICHEN Standort &amp; Kontaktinformationen The RestaurantCankarjevo nabre\u017eje 29 \/ Mestni trg 15, 1000 Ljubljana t: +386 (0)51 404 104e: info@therestaurant.si \u00d6ffnungszeiten:07h00 &#8211; 23h00 ALLGEMEINE FRAGEN Kontaktieren Sie uns F\u00fcr allgemeine Fragen, f\u00fcllen Sie bitte das Formular aus. Buchen Sie per E-Mail: info@therestaurant.si<\/p>\n","protected":false},"author":2,"featured_media":0,"parent":0,"menu_order":0,"comment_status":"closed","ping_status":"closed","template":"","meta":{"footnotes":""},"class_list":["post-1635","page","type-page","status-publish","hentry"],"yoast_head":"<!-- This site is optimized with the Yoast SEO plugin v26.3 - https:\/\/yoast.com\/wordpress\/plugins\/seo\/ -->\n<title>Kontakt - The Restaurant<\/title>\n<meta name=\"description\" content=\"rit\u00e4t und eine freundliche Einstellung ist unsere Verpflichtung. Liebe G\u00e4ste, wir garantieren Ihnen ein gro\u00dfartiges und unvergessliches Erlebnis. Wenn Sie Fragen oder W\u00fcnsche haben, sind wir f\u00fcr Sie da.\" \/>\n<meta name=\"robots\" content=\"index, follow, max-snippet:-1, max-image-preview:large, max-video-preview:-1\" \/>\n<link rel=\"canonical\" href=\"https:\/\/www.therestaurant.si\/de\/kontakt\/\" \/>\n<meta property=\"og:locale\" content=\"de_DE\" \/>\n<meta property=\"og:type\" content=\"article\" \/>\n<meta property=\"og:title\" content=\"Kontakt - The Restaurant\" \/>\n<meta property=\"og:description\" content=\"rit\u00e4t und eine freundliche Einstellung ist unsere Verpflichtung. Liebe G\u00e4ste, wir garantieren Ihnen ein gro\u00dfartiges und unvergessliches Erlebnis. Wenn Sie Fragen oder W\u00fcnsche haben, sind wir f\u00fcr Sie da.\" \/>\n<meta property=\"og:url\" content=\"https:\/\/www.therestaurant.si\/de\/kontakt\/\" \/>\n<meta property=\"og:site_name\" content=\"The Restaurant\" \/>\n<meta property=\"article:modified_time\" content=\"2024-08-02T08:08:03+00:00\" \/>\n<meta name=\"twitter:card\" content=\"summary_large_image\" \/>\n<meta name=\"twitter:label1\" content=\"Gesch\u00e4tzte Lesezeit\" \/>\n\t<meta name=\"twitter:data1\" content=\"1\u00a0Minute\" \/>\n<script type=\"application\/ld+json\" class=\"yoast-schema-graph\">{\"@context\":\"https:\/\/schema.org\",\"@graph\":[{\"@type\":\"WebPage\",\"@id\":\"https:\/\/www.therestaurant.si\/de\/kontakt\/\",\"url\":\"https:\/\/www.therestaurant.si\/de\/kontakt\/\",\"name\":\"Kontakt - The Restaurant\",\"isPartOf\":{\"@id\":\"https:\/\/www.therestaurant.si\/de\/#website\"},\"datePublished\":\"2024-06-13T09:17:48+00:00\",\"dateModified\":\"2024-08-02T08:08:03+00:00\",\"description\":\"rit\u00e4t und eine freundliche Einstellung ist unsere Verpflichtung. Liebe G\u00e4ste, wir garantieren Ihnen ein gro\u00dfartiges und unvergessliches Erlebnis. Wenn Sie Fragen oder W\u00fcnsche haben, sind wir f\u00fcr Sie da.\",\"breadcrumb\":{\"@id\":\"https:\/\/www.therestaurant.si\/de\/kontakt\/#breadcrumb\"},\"inLanguage\":\"de\",\"potentialAction\":[{\"@type\":\"ReadAction\",\"target\":[\"https:\/\/www.therestaurant.si\/de\/kontakt\/\"]}]},{\"@type\":\"BreadcrumbList\",\"@id\":\"https:\/\/www.therestaurant.si\/de\/kontakt\/#breadcrumb\",\"itemListElement\":[{\"@type\":\"ListItem\",\"position\":1,\"name\":\"Home\",\"item\":\"https:\/\/www.therestaurant.si\/de\/\"},{\"@type\":\"ListItem\",\"position\":2,\"name\":\"Kontakt\"}]},{\"@type\":\"WebSite\",\"@id\":\"https:\/\/www.therestaurant.si\/de\/#website\",\"url\":\"https:\/\/www.therestaurant.si\/de\/\",\"name\":\"The Restaurant\",\"description\":\"Slovenska &amp; mediteranska kuhinja\",\"potentialAction\":[{\"@type\":\"SearchAction\",\"target\":{\"@type\":\"EntryPoint\",\"urlTemplate\":\"https:\/\/www.therestaurant.si\/de\/?s={search_term_string}\"},\"query-input\":{\"@type\":\"PropertyValueSpecification\",\"valueRequired\":true,\"valueName\":\"search_term_string\"}}],\"inLanguage\":\"de\"}]}<\/script>\n<!-- \/ Yoast SEO plugin. -->","yoast_head_json":{"title":"Kontakt - The Restaurant","description":"rit\u00e4t und eine freundliche Einstellung ist unsere Verpflichtung. Liebe G\u00e4ste, wir garantieren Ihnen ein gro\u00dfartiges und unvergessliches Erlebnis. Wenn Sie Fragen oder W\u00fcnsche haben, sind wir f\u00fcr Sie da.","robots":{"index":"index","follow":"follow","max-snippet":"max-snippet:-1","max-image-preview":"max-image-preview:large","max-video-preview":"max-video-preview:-1"},"canonical":"https:\/\/www.therestaurant.si\/de\/kontakt\/","og_locale":"de_DE","og_type":"article","og_title":"Kontakt - The Restaurant","og_description":"rit\u00e4t und eine freundliche Einstellung ist unsere Verpflichtung. Liebe G\u00e4ste, wir garantieren Ihnen ein gro\u00dfartiges und unvergessliches Erlebnis. Wenn Sie Fragen oder W\u00fcnsche haben, sind wir f\u00fcr Sie da.","og_url":"https:\/\/www.therestaurant.si\/de\/kontakt\/","og_site_name":"The Restaurant","article_modified_time":"2024-08-02T08:08:03+00:00","twitter_card":"summary_large_image","twitter_misc":{"Gesch\u00e4tzte Lesezeit":"1\u00a0Minute"},"schema":{"@context":"https:\/\/schema.org","@graph":[{"@type":"WebPage","@id":"https:\/\/www.therestaurant.si\/de\/kontakt\/","url":"https:\/\/www.therestaurant.si\/de\/kontakt\/","name":"Kontakt - The Restaurant","isPartOf":{"@id":"https:\/\/www.therestaurant.si\/de\/#website"},"datePublished":"2024-06-13T09:17:48+00:00","dateModified":"2024-08-02T08:08:03+00:00","description":"rit\u00e4t und eine freundliche Einstellung ist unsere Verpflichtung. Liebe G\u00e4ste, wir garantieren Ihnen ein gro\u00dfartiges und unvergessliches Erlebnis. Wenn Sie Fragen oder W\u00fcnsche haben, sind wir f\u00fcr Sie da.","breadcrumb":{"@id":"https:\/\/www.therestaurant.si\/de\/kontakt\/#breadcrumb"},"inLanguage":"de","potentialAction":[{"@type":"ReadAction","target":["https:\/\/www.therestaurant.si\/de\/kontakt\/"]}]},{"@type":"BreadcrumbList","@id":"https:\/\/www.therestaurant.si\/de\/kontakt\/#breadcrumb","itemListElement":[{"@type":"ListItem","position":1,"name":"Home","item":"https:\/\/www.therestaurant.si\/de\/"},{"@type":"ListItem","position":2,"name":"Kontakt"}]},{"@type":"WebSite","@id":"https:\/\/www.therestaurant.si\/de\/#website","url":"https:\/\/www.therestaurant.si\/de\/","name":"The Restaurant","description":"Slovenska &amp; mediteranska kuhinja","potentialAction":[{"@type":"SearchAction","target":{"@type":"EntryPoint","urlTemplate":"https:\/\/www.therestaurant.si\/de\/?s={search_term_string}"},"query-input":{"@type":"PropertyValueSpecification","valueRequired":true,"valueName":"search_term_string"}}],"inLanguage":"de"}]}},"_links":{"self":[{"href":"https:\/\/www.therestaurant.si\/de\/wp-json\/wp\/v2\/pages\/1635","targetHints":{"allow":["GET"]}}],"collection":[{"href":"https:\/\/www.therestaurant.si\/de\/wp-json\/wp\/v2\/pages"}],"about":[{"href":"https:\/\/www.therestaurant.si\/de\/wp-json\/wp\/v2\/types\/page"}],"author":[{"embeddable":true,"href":"https:\/\/www.therestaurant.si\/de\/wp-json\/wp\/v2\/users\/2"}],"replies":[{"embeddable":true,"href":"https:\/\/www.therestaurant.si\/de\/wp-json\/wp\/v2\/comments?post=1635"}],"version-history":[{"count":8,"href":"https:\/\/www.therestaurant.si\/de\/wp-json\/wp\/v2\/pages\/1635\/revisions"}],"predecessor-version":[{"id":1981,"href":"https:\/\/www.therestaurant.si\/de\/wp-json\/wp\/v2\/pages\/1635\/revisions\/1981"}],"wp:attachment":[{"href":"https:\/\/www.therestaurant.si\/de\/wp-json\/wp\/v2\/media?parent=1635"}],"curies":[{"name":"wp","href":"https:\/\/api.w.org\/{rel}","templated":true}]}}